{"id":22,"date":"2020-04-27T09:35:28","date_gmt":"2020-04-27T08:35:28","guid":{"rendered":"http:\/\/www.lp-system.se\/?page_id=22"},"modified":"2025-10-02T09:32:26","modified_gmt":"2025-10-02T08:32:26","slug":"tjanster-industrialisering","status":"publish","type":"page","link":"https:\/\/www.lp-system.se\/?page_id=22","title":{"rendered":"Industrialisering"},"content":{"rendered":"\n<p>Industrialiseringsprocessen \u00e4r viktig vid all outsourcing av produktion till strategiskt valda leverant\u00f6rer som p\u00e5 ett naturligt s\u00e4tt kan bidraga till produktframtagnings-processen. N\u00e4r man outsourcar en produkts produktion st\u00e4lls det stora krav p\u00e5 industrialiseringsprocessen och att den l\u00f6per parallellt med produktframtagningsprocessen f\u00f6r att s\u00e4kerst\u00e4lla kvalitet, tillf\u00f6rlitlighet och s\u00e4kerhet p\u00e5 produkten. Med r\u00e4tt implementerad industrialisering l\u00f6per man minimal risk att beh\u00f6va g\u00f6ra genomgripande f\u00f6r\u00e4ndringar i sin produkt inf\u00f6r produktionsstarten vilket kan leda till stora f\u00f6rdr\u00f6jningar av produktlanseringen. En bra industrialiseringsmodell involverar leverant\u00f6ren i ett tidigt skeende av produktframtagningen.<\/p>\n\n\n\n<p>Ovan beskrivs en bepr\u00f6vad modell som sammanbinder produktutvecklingen&nbsp;och industrialiseringen vid outsourcing produktion. Utvecklingen ben\u00e4mns med R&amp;D (Research and Development) och industrialiseringen med R&amp;Q (Reliability and Quality)<\/p>\n\n\n\n<p>De f\u00f6rsta antikviteterna fr\u00e5n leverant\u00f6rens sida \u00e4r att g\u00f6ra en producerbarhetsanalys. H\u00e4r ben\u00e4mnt DPR (Design Producibility review). Den \u00e4r en kritisk&nbsp;analys av produktenutformningen och dess producerbarhet. H\u00e4r identifieras produktionstekniska problem&nbsp;och\/eller&nbsp;oklarheter&nbsp;som g\u00f6r&nbsp;tillverkningen sv\u00e5rt,&nbsp;om\u00f6jligt eller&nbsp;dyrt&nbsp;i stora volymer.&nbsp;Vinsten&nbsp;av denna verksamhet&nbsp;\u00e4r att den hj\u00e4lper oss&nbsp;att hitta&nbsp;kostnadseffektiva&nbsp;motiv fr\u00e5n&nbsp;ett tillverkande&nbsp;perspektiv.&nbsp;I&nbsp;DPR&nbsp;finns ocks\u00e5 m\u00f6jlighet&nbsp;f\u00f6r leverant\u00f6ren&nbsp;att kommunicera&nbsp;krav&nbsp;p\u00e5 ett strukturerat s\u00e4tt.<\/p>\n\n\n\n<h2 class=\"wp-block-heading has-accent-color has-text-color\"><strong>Exempel p\u00e5 industrialisering<\/strong><\/h2>\n\n\n\n<h4 class=\"wp-block-heading\">&nbsp;<strong>Startsituation:&nbsp;<\/strong><\/h4>\n\n\n\n<p>F\u00f6retaget har en fungerande systemprototyp som skall industrialiseras. Begr\u00e4nsande f\u00e4ltstudier genomf\u00f6rda. Systemet best\u00e5r av h\u00e5rdvara f\u00f6r varje enhet med kontrollpunkt en central kommunikationsenhet med tillbeh\u00f6r samt mjukvara i olika former. H\u00f6ljet till de olika enheterna finns i form av designskisser. Elektroniken finns i form av en prototyp. Mjukvaran i beta-version.<\/p>\n\n\n\n<h4 class=\"wp-block-heading\"><strong>M\u00e5l:<\/strong><\/h4>\n\n\n\n<p>Systemet skall \u201dgo live\u201d inom 6 m\u00e5nader:<\/p>\n\n\n\n<p><strong>Projektarbetet omfattar:<\/strong><\/p>\n\n\n\n<div class=\"wp-block-columns is-layout-flex wp-container-core-columns-is-layout-9d6595d7 wp-block-columns-is-layout-flex\">\n<div class=\"wp-block-column is-layout-flow wp-block-column-is-layout-flow\">\n<ul class=\"wp-block-list\">\n<li>Projektramar, referensgrupp<\/li>\n\n\n\n<li>Systeml\u00f6sning<\/li>\n\n\n\n<li>Design av systemkapslingar<\/li>\n\n\n\n<li>Konstruktion av verktygsbundna plastdetaljer.<\/li>\n\n\n\n<li>Leverant\u00f6rss\u00f6kningar<\/li>\n\n\n\n<li>Leverant\u00f6rsbed\u00f6mning av strategiska komponenter och detaljer.<\/li>\n\n\n\n<li>F\u00f6rhandlingar med leverant\u00f6rer<\/li>\n\n\n\n<li>Val av strategiska leverant\u00f6rer av komponent<\/li>\n\n\n\n<li>Val av EMS-leverant\u00f6r<\/li>\n\n\n\n<li>Kvalitetss\u00e4kringsprogram<\/li>\n\n\n\n<li>Definition av tester i produktion<\/li>\n\n\n\n<li>Tillverkningskonstruktion av PCB<\/li>\n\n\n\n<li>Design av batterih\u00e5llare och skal till batteri<\/li>\n\n\n\n<li>Konstruktion av batteriladdare (litium jon)<\/li>\n<\/ul>\n<\/div>\n\n\n\n<div class=\"wp-block-column is-layout-flow wp-block-column-is-layout-flow\">\n<ul class=\"wp-block-list\">\n<li>Design av f\u00f6rpackning<\/li>\n\n\n\n<li>Framtagning av f\u00f6rpackning<\/li>\n\n\n\n<li>EAN-koder<\/li>\n\n\n\n<li>CE-certifiering<\/li>\n\n\n\n<li>Definition med artiklar, nummerserie<\/li>\n\n\n\n<li>Monteringsanvisningar<\/li>\n\n\n\n<li>Logistikl\u00f6sning f\u00f6r distribution av hela system<\/li>\n\n\n\n<li>Design av mikrov\u00e5gsantenner<\/li>\n\n\n\n<li>Radio tester<\/li>\n\n\n\n<li>Systemtester<\/li>\n\n\n\n<li>Dokumentation<\/li>\n\n\n\n<li>\u00d6verl\u00e4mnande<\/li>\n\n\n\n<li>Projektavslutning<\/li>\n<\/ul>\n<\/div>\n<\/div>\n\n\n\n<div style=\"height:100px\" aria-hidden=\"true\" class=\"wp-block-spacer\"><\/div>\n","protected":false},"excerpt":{"rendered":"<p>Industrialiseringsprocessen \u00e4r viktig vid all outsourcing av produktion till strategiskt valda leverant\u00f6rer som p\u00e5 ett naturligt s\u00e4tt kan bidraga till produktframtagnings-processen. N\u00e4r man outsourcar en produkts produktion st\u00e4lls det stora krav p\u00e5 industrialiseringsprocessen och att den l\u00f6per parallellt med produktframtagningsprocessen f\u00f6r att s\u00e4kerst\u00e4lla kvalitet, tillf\u00f6rlitlighet och s\u00e4kerhet p\u00e5 produkten. Med [&hellip;]<\/p>\n","protected":false},"author":1,"featured_media":0,"parent":0,"menu_order":0,"comment_status":"closed","ping_status":"closed","template":"","meta":{"footnotes":""},"class_list":["post-22","page","type-page","status-publish","hentry"],"_links":{"self":[{"href":"https:\/\/www.lp-system.se\/index.php?rest_route=\/wp\/v2\/pages\/22","targetHints":{"allow":["GET"]}}],"collection":[{"href":"https:\/\/www.lp-system.se\/index.php?rest_route=\/wp\/v2\/pages"}],"about":[{"href":"https:\/\/www.lp-system.se\/index.php?rest_route=\/wp\/v2\/types\/page"}],"author":[{"embeddable":true,"href":"https:\/\/www.lp-system.se\/index.php?rest_route=\/wp\/v2\/users\/1"}],"replies":[{"embeddable":true,"href":"https:\/\/www.lp-system.se\/index.php?rest_route=%2Fwp%2Fv2%2Fcomments&post=22"}],"version-history":[{"count":7,"href":"https:\/\/www.lp-system.se\/index.php?rest_route=\/wp\/v2\/pages\/22\/revisions"}],"predecessor-version":[{"id":98,"href":"https:\/\/www.lp-system.se\/index.php?rest_route=\/wp\/v2\/pages\/22\/revisions\/98"}],"wp:attachment":[{"href":"https:\/\/www.lp-system.se\/index.php?rest_route=%2Fwp%2Fv2%2Fmedia&parent=22"}],"curies":[{"name":"wp","href":"https:\/\/api.w.org\/{rel}","templated":true}]}}