{"id":34,"date":"2020-04-27T10:08:01","date_gmt":"2020-04-27T09:08:01","guid":{"rendered":"http:\/\/www.lp-system.se\/?page_id=34"},"modified":"2025-04-29T15:00:08","modified_gmt":"2025-04-29T14:00:08","slug":"tjanster-web-design","status":"publish","type":"page","link":"https:\/\/www.lp-system.se\/?page_id=34","title":{"rendered":"Webb design"},"content":{"rendered":"\n<h2 class=\"wp-block-heading has-accent-color has-text-color\">Hemsidor med WordPress<\/h2>\n\n\n\n<div class=\"wp-block-columns is-layout-flex wp-container-core-columns-is-layout-9d6595d7 wp-block-columns-is-layout-flex\">\n<div class=\"wp-block-column is-layout-flow wp-block-column-is-layout-flow\">\n<p>En allt viktigare del av produktutveckling \u00e4r marknadsf\u00f6ring av produkter via internet p\u00e5 hemsidor och sociala medier. Ett snabbt s\u00e4tt att f\u00e5 upp snygga och funktionella hemsidor \u00e4r att anv\u00e4nda WordPress.<\/p>\n\n\n\n<p><strong>WordPress<\/strong>, ofta versaliserat&nbsp;<strong>WordPress<\/strong>, \u00e4r ett blogg- och inneh\u00e5llshanteringssystem skrivet i PHP och som anv\u00e4nder databasen MySQL f\u00f6r datalagringen. Det distribueras under en GNU General public-licens och kan laddas ner och anv\u00e4ndas kostnadsfritt. Det \u00e4r ett av de popul\u00e4raste publiceringssystemen p\u00e5 marknaden och finns p\u00e5 tusentals bloggar och webbplatser.<\/p>\n<\/div>\n\n\n\n<div class=\"wp-block-column is-layout-flow wp-block-column-is-layout-flow\">\n<figure class=\"wp-block-image size-large is-style-rounded\"><img loading=\"lazy\" decoding=\"async\" width=\"450\" height=\"450\" src=\"http:\/\/www.lp-system.se\/wp-content\/uploads\/2020\/04\/wp.png\" alt=\"\" class=\"wp-image-39\" srcset=\"https:\/\/www.lp-system.se\/wp-content\/uploads\/2020\/04\/wp.png 450w, https:\/\/www.lp-system.se\/wp-content\/uploads\/2020\/04\/wp-300x300.png 300w, https:\/\/www.lp-system.se\/wp-content\/uploads\/2020\/04\/wp-150x150.png 150w\" sizes=\"auto, (max-width: 450px) 100vw, 450px\" \/><\/figure>\n<\/div>\n<\/div>\n\n\n\n<p><strong>WordPress<\/strong>&nbsp;har under \u00e5ren utvecklats fr\u00e5n ett bloggsystem till att \u00e4ven kunna hantera hela webbplatser likt ett mer avancerat CMS-system. Eftersom inneh\u00e5llet p\u00e5 alla sidor blir tillg\u00e4ngligt via en inloggningssida beh\u00f6ver man inte n\u00e5gon FTP-klient f\u00f6r att kunna redigera och uppdatera sina sidor p\u00e5 webbplatsen.<\/p>\n\n\n\n<p>WordPress g\u00e5r \u00e4ven att anpassa fritt med hj\u00e4lp av olika till\u00e4gg (plugins) och teman. Sedan augusti 2012 finns \u00f6ver 20 000 till\u00e4gg och 15 000 teman tillg\u00e4ngliga p\u00e5 WordPress webbplats som utvecklats av dess anv\u00e4ndare. H\u00e4r ser ni exempel p\u00e5 en sida som \u00e4r byggd i wordpress och med elementor som till\u00e4gg: <a href=\"https:\/\/flyttfabriken.se\/\">https:\/\/flyttfabriken.se\/<\/a><\/p>\n\n\n\n<h2 class=\"wp-block-heading has-accent-color has-text-color\">Facebook<\/h2>\n\n\n\n<p><strong>Facebook<\/strong>&nbsp;\u00e4r ett socialt medium eller en social n\u00e4tverkstj\u00e4nst som grundades i februari 2004 och drivs och \u00e4gs av Facebook, Inc. I mars 2013 hade Facebook mer \u00e4n 1,1 miljarder aktiva anv\u00e4ndare. Anv\u00e4ndarna kan skapa en personlig profil, l\u00e4gga till andra anv\u00e4ndare som v\u00e4nner och utbyta meddelanden, samt f\u00e5 automatiska meddelanden n\u00e4r n\u00e5gon postar meddelanden eller media p\u00e5 deras profil. Dessutom kan anv\u00e4ndare ansluta sig till intressegrupper, som exempelvis arbetsplats, skola eller universitet. Facebook har f\u00e5tt sitt namn efter de elevkataloger som i USA delas ut till studenter av universitetens aion, vars syfte \u00e4r att hj\u00e4lpa studenterna att l\u00e4ra k\u00e4nna varandra b\u00e4ttre.<\/p>\n\n\n\n<h2 class=\"wp-block-heading has-accent-color has-text-color\">Twitter<\/h2>\n\n\n\n<p><strong>Twitter<\/strong>&nbsp;(engelska f\u00f6r \u2019kvitter\u2019 eller \u2019kvittra\u2019) \u00e4r en social n\u00e4tverkstj\u00e4nst och mikroblogg d\u00e4r man skriver meddelanden, s\u00e5 kallade&nbsp;<em>tweets<\/em>, med en begr\u00e4nsning p\u00e5 140 tecken. Dessa visas \u00f6ppet p\u00e5 anv\u00e4ndarens profilsida. Anv\u00e4ndare kan prenumerera p\u00e5 andra anv\u00e4ndares meddelandefl\u00f6de, vilket kallas \u201datt f\u00f6lja\u201d (engelska&nbsp;<em>follow<\/em>), en prenumerant kallas \u201df\u00f6ljare\u201d (engelska&nbsp;<em>follower<\/em>). Alla anv\u00e4ndare kan skicka (<em>tweeta<\/em>&nbsp;eller&nbsp;<em>twittra<\/em>) och l\u00e4sa tweets via Twitters webbplats, men m\u00e5nga v\u00e4ljer ist\u00e4llet att utnyttja tredjepartsapplikationer, d\u00e5 dessa \u00e4r anpassade f\u00f6r att fungera exempelvis i en mobiltelefon, eller som frist\u00e5ende program som ger b\u00e4ttre \u00f6verblick \u00e4n webben g\u00f6r.<\/p>\n\n\n\n<p>Sedan Twitter skapades av Jack Dorsey i mars 2006 och sj\u00f6sattes i juli samma \u00e5r, har tj\u00e4nsten f\u00e5tt 200 miljoner registrerade anv\u00e4ndare v\u00e4rlden \u00f6ver (september 2011). Av dessa \u00e4r det h\u00e4lften (100 miljoner) som loggar in p\u00e5 sitt konto minst en g\u00e5ng i m\u00e5naden, medan 50 miljoner g\u00f6r det dagligen (september 2011) Under 2010 skickades 25 miljarder tweets.<\/p>\n\n\n\n<p>Ut\u00f6ver vanliga privatpersoner anv\u00e4nder m\u00e5nga f\u00f6retag, webbplatser, artister och organisationer Twitter som ett s\u00e4tt att n\u00e5 ut till sina anv\u00e4ndare, kunder och fans. Tj\u00e4nsten fick stor uppm\u00e4rksamhet under presidentvalet i USA 2008 d\u00e5 presidentkandidaten Barack Obamas valkampanj anv\u00e4nde Twitter och andra sociala medier f\u00f6r att n\u00e5 ut till sina v\u00e4ljare. Twitter har ocks\u00e5 varit ett verktyg f\u00f6r regimkritiker i totalit\u00e4ra regimer att kommunicera med omv\u00e4rlden, samt under naturkatastrofer, konflikter och dylikt d\u00e5 privatpersoner p\u00e5 plats direkt kunnat rapportera om h\u00e4ndelseutvecklingen.<\/p>\n\n\n\n<h2 class=\"wp-block-heading has-accent-color has-text-color\">Pinterest<\/h2>\n\n\n\n<p><strong>Pinterest<\/strong>&nbsp;\u00e4r en&nbsp;webbtj\u00e4ns<a href=\"https:\/\/web.archive.org\/web\/20160324174636\/http:\/\/sv.wikipedia.org\/wiki\/Webbtj%C3%A4nst\">t<\/a>&nbsp;eller en&nbsp;social n\u00e4tverkstj\u00e4nst&nbsp;d\u00e4r anv\u00e4ndare kan ladda upp, organisera och dela med sig av sina bilder p\u00e5 digitala anslagstavlor,&nbsp;<em>pinboards<\/em>.&nbsp;Anv\u00e4ndarna kan ocks\u00e5 med hj\u00e4lp av ett till\u00e4gg i webbl\u00e4saren spara och dela bilder som de hittar p\u00e5 olika webbplatser p\u00e5 internet. Webbplats\u00e4gare bereds m\u00f6jlighet att publicera en knapp p\u00e5 sin webbplats som automatiskt delar webbplatsens inneh\u00e5ll p\u00e5 bes\u00f6karens pinboard p\u00e5 Pinterest.<sup><\/sup><\/p>\n\n\n\n<p>De bilder som anv\u00e4ndaren publicerar p\u00e5 n\u00e5gon av sina pinboards kallas f\u00f6r pins. Om bilden \u00e4r h\u00e4mtad fr\u00e5n en extern webbplats skapas automatiskt en l\u00e4nk dit i kommentaren f\u00f6r bilden. En anv\u00e4ndare kan v\u00e4lja att f\u00f6lja andra anv\u00e4ndares pinboards och d\u00e5 f\u00e5 uppdateringar i realtid d\u00e5 denna pinboard uppdateras. Hon eller han kan ocks\u00e5 v\u00e4lja att&nbsp;<em>repin<\/em>&nbsp;en speciell bild. Detta inneb\u00e4r att bilden l\u00e4ggs till i anv\u00e4ndarens egen pinboard.<\/p>\n\n\n\n<h2 class=\"wp-block-heading has-accent-color has-text-color\">Instagram<\/h2>\n\n\n\n<p><strong>Instagram<\/strong>&nbsp;\u00e4r en gratis&nbsp;mobilapplikation&nbsp;f\u00f6r fotodelning och ett&nbsp;socialt n\u00e4tverk&nbsp;som lanserades i oktober 2010. Programmet till\u00e5ter anv\u00e4ndaren att ta bilder, l\u00e4gga p\u00e5 ett&nbsp;filter&nbsp;och d\u00e4refter dela med sig av bilden till olika sociala medier, som&nbsp;Facebook,&nbsp;Twitter,&nbsp;Foursquare,&nbsp;Tumblr,&nbsp;Flickr&nbsp;och&nbsp;Posterous.&nbsp;Applikationen fanns fr\u00e5n b\u00f6rjan bara till&nbsp;operativsystemet&nbsp;IOS&nbsp;i produkterna&nbsp;Iphone,&nbsp;Ipad&nbsp;och&nbsp;Ipod Touch, men en version f\u00f6r&nbsp;Android&nbsp;sl\u00e4pptes den 3 april 2012.&nbsp;Redan den f\u00f6rsta veckan efter lanseringen laddades Androidversionen ned \u00f6ver en miljon g\u00e5nger. 2013 kom det till 15 sekunders videofilmning. <\/p>\n\n\n\n<div style=\"height:100px\" aria-hidden=\"true\" class=\"wp-block-spacer\"><\/div>\n","protected":false},"excerpt":{"rendered":"<p>Hemsidor med WordPress En allt viktigare del av produktutveckling \u00e4r marknadsf\u00f6ring av produkter via internet p\u00e5 hemsidor och sociala medier. Ett snabbt s\u00e4tt att f\u00e5 upp snygga och funktionella hemsidor \u00e4r att anv\u00e4nda WordPress. WordPress, ofta versaliserat&nbsp;WordPress, \u00e4r ett blogg- och inneh\u00e5llshanteringssystem skrivet i PHP och som anv\u00e4nder databasen MySQL [&hellip;]<\/p>\n","protected":false},"author":1,"featured_media":0,"parent":0,"menu_order":0,"comment_status":"closed","ping_status":"closed","template":"","meta":{"footnotes":""},"class_list":["post-34","page","type-page","status-publish","hentry"],"_links":{"self":[{"href":"https:\/\/www.lp-system.se\/index.php?rest_route=\/wp\/v2\/pages\/34","targetHints":{"allow":["GET"]}}],"collection":[{"href":"https:\/\/www.lp-system.se\/index.php?rest_route=\/wp\/v2\/pages"}],"about":[{"href":"https:\/\/www.lp-system.se\/index.php?rest_route=\/wp\/v2\/types\/page"}],"author":[{"embeddable":true,"href":"https:\/\/www.lp-system.se\/index.php?rest_route=\/wp\/v2\/users\/1"}],"replies":[{"embeddable":true,"href":"https:\/\/www.lp-system.se\/index.php?rest_route=%2Fwp%2Fv2%2Fcomments&post=34"}],"version-history":[{"count":6,"href":"https:\/\/www.lp-system.se\/index.php?rest_route=\/wp\/v2\/pages\/34\/revisions"}],"predecessor-version":[{"id":96,"href":"https:\/\/www.lp-system.se\/index.php?rest_route=\/wp\/v2\/pages\/34\/revisions\/96"}],"wp:attachment":[{"href":"https:\/\/www.lp-system.se\/index.php?rest_route=%2Fwp%2Fv2%2Fmedia&parent=34"}],"curies":[{"name":"wp","href":"https:\/\/api.w.org\/{rel}","templated":true}]}}