{"id":44,"date":"2020-04-27T10:21:00","date_gmt":"2020-04-27T09:21:00","guid":{"rendered":"http:\/\/www.lp-system.se\/?page_id=44"},"modified":"2021-01-19T13:54:59","modified_gmt":"2021-01-19T13:54:59","slug":"tjanster-mentorskap","status":"publish","type":"page","link":"https:\/\/www.lp-system.se\/?page_id=44","title":{"rendered":"Mentorskap"},"content":{"rendered":"\n<h3 class=\"has-accent-color has-text-color wp-block-heading\">Mentor i Connect Sk\u00e5ne<\/h3>\n\n\n\n<p>Mentorsn\u00e4tverket grundades v\u00e5ren 2005 och utg\u00f6r idag f\u00f6rsta steget i CONNECT Sk\u00e5ne processen.&nbsp;Idag utg\u00f6rs n\u00e4tverket av cirka 150 kvinnor och m\u00e4n med m\u00e5ngskiftande kompetenser, branscherfarenheter och specialintressen. I stort sett alla branscher \u00e4r representerade och kan s\u00f6rja f\u00f6r att entrepren\u00f6rerna f\u00e5r b\u00e4sta v\u00e4gledning inf\u00f6r CONNECT Sk\u00e5nes Spr\u00e5ngbr\u00e4da och m\u00f6tet med Aff\u00e4rs\u00e4nglarna.<\/p>\n\n\n\n<p>Mentorns uppgift \u00e4r att s\u00e4kerst\u00e4lla att det finns en aff\u00e4rsplan av god kvalitet och en presentation p\u00e5 15 minuter f\u00f6r en v\u00e4l genomf\u00f6rd spr\u00e5ngbr\u00e4da. Mentorn diskuterar tillsammans med entrepren\u00f6ren ett antal fr\u00e5gor av strategisk karakt\u00e4r som passar att lyfta p\u00e5 Spr\u00e5ngbr\u00e4dan. Det kan r\u00f6ra sig om val av aff\u00e4rsmodell, finansieringsbehov, patent,\u00a0v\u00e4rderingsniv\u00e5er etc.<\/p>\n\n\n\n<p>Vi har tagit hj\u00e4lp av <a href=\"https:\/\/certway.se\/\">certway.se <\/a>och har certifierad v\u00e5r processarbete s\u00e5 att vi f\u00f6ljer iso-standarden till punkt och pricka. <\/p>\n\n\n\n<p>Entrepren\u00f6r och mentor tr\u00e4ffas typiskt 2-3 g\u00e5nger inf\u00f6r Spr\u00e5ngbr\u00e4dan, under sj\u00e4lva Spr\u00e5ngbr\u00e4dan, och en avslutande g\u00e5ng f\u00f6r uppf\u00f6ljning efter Spr\u00e5ngbr\u00e4dan. Total tid f\u00f6r att g\u00e5 igenom CONNECT-processen \u00e4r ca 2-3 m\u00e5nader.<\/p>\n\n\n\n<div style=\"height:100px\" aria-hidden=\"true\" class=\"wp-block-spacer\"><\/div>\n","protected":false},"excerpt":{"rendered":"<p>Mentor i Connect Sk\u00e5ne Mentorsn\u00e4tverket grundades v\u00e5ren 2005 och utg\u00f6r idag f\u00f6rsta steget i CONNECT Sk\u00e5ne processen.&nbsp;Idag utg\u00f6rs n\u00e4tverket av cirka 150 kvinnor och m\u00e4n med m\u00e5ngskiftande kompetenser, branscherfarenheter och specialintressen. I stort sett alla branscher \u00e4r representerade och kan s\u00f6rja f\u00f6r att entrepren\u00f6rerna f\u00e5r b\u00e4sta v\u00e4gledning inf\u00f6r CONNECT Sk\u00e5nes [&hellip;]<\/p>\n","protected":false},"author":1,"featured_media":0,"parent":0,"menu_order":0,"comment_status":"closed","ping_status":"closed","template":"","meta":{"footnotes":""},"class_list":["post-44","page","type-page","status-publish","hentry"],"_links":{"self":[{"href":"https:\/\/www.lp-system.se\/index.php?rest_route=\/wp\/v2\/pages\/44","targetHints":{"allow":["GET"]}}],"collection":[{"href":"https:\/\/www.lp-system.se\/index.php?rest_route=\/wp\/v2\/pages"}],"about":[{"href":"https:\/\/www.lp-system.se\/index.php?rest_route=\/wp\/v2\/types\/page"}],"author":[{"embeddable":true,"href":"https:\/\/www.lp-system.se\/index.php?rest_route=\/wp\/v2\/users\/1"}],"replies":[{"embeddable":true,"href":"https:\/\/www.lp-system.se\/index.php?rest_route=%2Fwp%2Fv2%2Fcomments&post=44"}],"version-history":[{"count":4,"href":"https:\/\/www.lp-system.se\/index.php?rest_route=\/wp\/v2\/pages\/44\/revisions"}],"predecessor-version":[{"id":79,"href":"https:\/\/www.lp-system.se\/index.php?rest_route=\/wp\/v2\/pages\/44\/revisions\/79"}],"wp:attachment":[{"href":"https:\/\/www.lp-system.se\/index.php?rest_route=%2Fwp%2Fv2%2Fmedia&parent=44"}],"curies":[{"name":"wp","href":"https:\/\/api.w.org\/{rel}","templated":true}]}}