{"id":47,"date":"2020-04-27T10:27:04","date_gmt":"2020-04-27T09:27:04","guid":{"rendered":"http:\/\/www.lp-system.se\/?page_id=47"},"modified":"2023-02-27T10:04:23","modified_gmt":"2023-02-27T10:04:23","slug":"sourcing-fran-asien","status":"publish","type":"page","link":"https:\/\/www.lp-system.se\/?page_id=47","title":{"rendered":"Sourcing fr\u00e5n Asien"},"content":{"rendered":"\n<h2 class=\"has-accent-color has-text-color wp-block-heading\"><strong>LP System \u2013 Din SOURCING AGENT i Asien<\/strong><\/h2>\n\n\n\n<p>Att finna de b\u00e4sta tillverkarna i Asien \u00e4r ofta en djungel och dessv\u00e4rre finns det en stor m\u00e4ngd tvivelaktiga akt\u00f6rer i regionen. F\u00f6retagen har ofta vackra och p\u00e5kostade fasader och s\u00e4ger att de kan leverera och tillverka produkter, men kvalit\u00e9n \u00e4r m\u00e5nga g\u00e5nger inte vad man f\u00f6rv\u00e4ntar sig.<\/p>\n\n\n\n<p>Att g\u00f6ra aff\u00e4rer med Asien \u00e4r inte riktigt som vi \u00e4r vana vid i Sverige. Exempelvis s\u00e5 har kinesiska aff\u00e4rskontakter ofta sv\u00e5rt att s\u00e4ga nej vid olika f\u00f6rfr\u00e5gningar och n\u00e4r de svarar ja p\u00e5 din fr\u00e5ga kan det betyda bara att de f\u00f6rst\u00e5tt fr\u00e5gan. Eftersom kvalit\u00e9n m\u00e5nga g\u00e5nger kan vara ett problem s\u00e5 m\u00e5ste den s\u00e4kerst\u00e4llas genom aktiva \u00e5tg\u00e4rder. Detta kan ske p\u00e5 olika s\u00e4tt. F\u00f6retag som genomf\u00f6rt tidigare leveranser till k\u00e4nda v\u00e4sterl\u00e4ndska kunder har sj\u00e4lv l\u00e4rt sig att leverera produkter med h\u00f6g kvalitet. Kvalitetskraven behandlas i industrialiseringsprocessen d\u00e5 hela produkter l\u00e4ggs ut f\u00f6r produktion vid outsourcing. Vid ink\u00f6p av komponenter och detaljer kan speciella f\u00f6retag anlitas f\u00f6r att bevaka kvaliteten och vid behov utf\u00f6ra tester och godk\u00e4nna leveransen innan den skeppas. LP System kan hj\u00e4lpa ditt f\u00f6retag att s\u00e4kerst\u00e4lla bra produkter till r\u00e4tt kvalitet vid ink\u00f6p i Asien.<\/p>\n\n\n\n<p class=\"has-accent-color has-text-color\"><strong>Nedan \u00e4r n\u00e5gra exempel listade:<\/strong><\/p>\n\n\n\n<ul class=\"wp-block-list\">\n<li>Knyta aff\u00e4rskontakter och hitta r\u00e4tt f\u00f6retag i Asien<\/li>\n\n\n\n<li>Importera produkter fr\u00e5n Asien med r\u00e4tt kvalit\u00e9<\/li>\n\n\n\n<li>\u00d6vers\u00e4tta fr\u00e5n lokalt spr\u00e5k till svenska och omv\u00e4nt<\/li>\n\n\n\n<li>Se till att det inte finns mellanh\u00e4nder i Asien och att man g\u00f6r aff\u00e4rer med r\u00e4tt person<\/li>\n\n\n\n<li>Se till att man verkligen f\u00e5r det man betalar f\u00f6r och inte felaktig kvalit\u00e9<\/li>\n\n\n\n<li>Inspektion av best\u00e4llning innan leverans samt betalning<\/li>\n\n\n\n<li>Vi hj\u00e4lper bland annat <a href=\"https:\/\/justposters.se\/\" data-type=\"URL\" data-id=\"https:\/\/justposters.se\/\">justposter.se<\/a> med tryckf\u00e4rg ifr\u00e5n Thaiwan. <\/li>\n<\/ul>\n\n\n\n<p>Allt detta och mycket mer kan en sourcing agent g\u00f6ra f\u00f6r dig. De ser till att inga mellanh\u00e4nder finns. En sourcing agent ser till att r\u00e4tt fabrik som motsvarar de kvalitativa \u00f6nskem\u00e5l du har g\u00f6r jobbet. Sourcing agenten ser till att inga missf\u00f6rst\u00e5nd sker varken initialt, under produktion eller vid leverans.<\/p>\n\n\n\n<div style=\"height:100px\" aria-hidden=\"true\" class=\"wp-block-spacer\"><\/div>\n","protected":false},"excerpt":{"rendered":"<p>LP System \u2013 Din SOURCING AGENT i Asien Att finna de b\u00e4sta tillverkarna i Asien \u00e4r ofta en djungel och dessv\u00e4rre finns det en stor m\u00e4ngd tvivelaktiga akt\u00f6rer i regionen. F\u00f6retagen har ofta vackra och p\u00e5kostade fasader och s\u00e4ger att de kan leverera och tillverka produkter, men kvalit\u00e9n \u00e4r m\u00e5nga [&hellip;]<\/p>\n","protected":false},"author":1,"featured_media":0,"parent":0,"menu_order":0,"comment_status":"closed","ping_status":"closed","template":"","meta":{"footnotes":""},"class_list":["post-47","page","type-page","status-publish","hentry"],"_links":{"self":[{"href":"https:\/\/www.lp-system.se\/index.php?rest_route=\/wp\/v2\/pages\/47","targetHints":{"allow":["GET"]}}],"collection":[{"href":"https:\/\/www.lp-system.se\/index.php?rest_route=\/wp\/v2\/pages"}],"about":[{"href":"https:\/\/www.lp-system.se\/index.php?rest_route=\/wp\/v2\/types\/page"}],"author":[{"embeddable":true,"href":"https:\/\/www.lp-system.se\/index.php?rest_route=\/wp\/v2\/users\/1"}],"replies":[{"embeddable":true,"href":"https:\/\/www.lp-system.se\/index.php?rest_route=%2Fwp%2Fv2%2Fcomments&post=47"}],"version-history":[{"count":7,"href":"https:\/\/www.lp-system.se\/index.php?rest_route=\/wp\/v2\/pages\/47\/revisions"}],"predecessor-version":[{"id":92,"href":"https:\/\/www.lp-system.se\/index.php?rest_route=\/wp\/v2\/pages\/47\/revisions\/92"}],"wp:attachment":[{"href":"https:\/\/www.lp-system.se\/index.php?rest_route=%2Fwp%2Fv2%2Fmedia&parent=47"}],"curies":[{"name":"wp","href":"https:\/\/api.w.org\/{rel}","templated":true}]}}